{"id":503,"date":"2017-12-18T12:15:31","date_gmt":"2017-12-18T09:15:31","guid":{"rendered":"http:\/\/maiet.cfuv.ru\/?page_id=503"},"modified":"2017-12-18T13:13:17","modified_gmt":"2017-12-18T10:13:17","slug":"vypusk-xxii-2017-g","status":"publish","type":"page","link":"https:\/\/maiet.cfuv.ru\/en\/arxiv-2015-g\/vypusk-xxii-2017-g\/","title":{"rendered":"Volume  XX\u0406\u0406, 2017"},"content":{"rendered":"<h4 style=\"text-align: right;\"><a href=\"http:\/\/maiet.cfuv.ru\/wp-content\/uploads\/2017\/12\/maiet-2017.pdf\" target=\"_blank\" rel=\"noopener noreferrer\">Text of number one file<\/a><\/h4>\n<p><strong>\u00a0<\/strong><\/p>\n<table style=\"width: 100%;\" border=\"1\">\n<tbody>\n<tr>\n<td width=\"583\"><strong>Naumenko V. E.<\/strong><em><br \/>\n<\/em>To Aleksandr Germanovich Gertsen\u2019s Seventeenth Birthday and the Fifty Years of the Mangup Archaeological Expedition<\/td>\n<td style=\"text-align: center;\" width=\"60\">4-11<\/td>\n<\/tr>\n<tr>\n<td width=\"583\"><strong>Gertsen A. G.<\/strong><em><br \/>\n<\/em>To the Fifty Years of Renewal of Archaeological Research of Mangup: The Initial Stage<\/td>\n<td style=\"text-align: center;\" width=\"60\">12-45<\/td>\n<\/tr>\n<tr>\n<td width=\"583\">Selected Bibliography on the History and Archaeology of Mangup<\/td>\n<td style=\"text-align: center;\" width=\"60\">46-53<\/td>\n<\/tr>\n<\/tbody>\n<\/table>\n<h3 style=\"text-align: center;\"><strong>Archaeology<\/strong><\/h3>\n<table style=\"width: 100%;\" border=\"1\">\n<tbody>\n<tr style=\"height: 72.4167px;\">\n<td style=\"height: 72.4167px;\" width=\"583\"><strong>Khrapunov I. N.<\/strong><em><br \/>\n<\/em>On the Date and Circumstances of the Appearance of the Settlement atop Mangup-Kale Mountain<\/td>\n<td style=\"height: 72.4167px; text-align: center;\" width=\"60\">54-61<\/td>\n<\/tr>\n<tr style=\"height: 108px;\">\n<td style=\"height: 108px;\" width=\"583\"><strong>Khairedinova E. A.<\/strong><em><br \/>\n<\/em>Parade Attire of a Woman Residing in Mediaeval Doros (According to the Finds from the Teshkli-Burun Hoard)<\/td>\n<td style=\"height: 108px; text-align: center;\" width=\"60\">62-88<\/td>\n<\/tr>\n<tr style=\"height: 36px;\">\n<td style=\"height: 36px;\" width=\"583\"><strong>Barmina N. I.<\/strong><em><br \/>\n<\/em>Mosaics and frescoes of the Basilica of the Mangup<\/td>\n<td style=\"height: 36px; text-align: center;\" width=\"60\">89-106<\/td>\n<\/tr>\n<tr style=\"height: 72px;\">\n<td style=\"height: 72px;\" width=\"583\"><strong>Khrushkova L. G.<\/strong><em><br \/>\n<\/em>On the Discussion about the Time When the Mangup Basilica Was Constructed<\/td>\n<td style=\"height: 72px; text-align: center;\" width=\"60\">107-138<\/td>\n<\/tr>\n<tr style=\"height: 72px;\">\n<td style=\"height: 72px;\" width=\"583\"><strong>Radochin V. Iu.<\/strong><em><br \/>\n<\/em>Some Anthropological Materials Excavated at the Ancient City of Mangup<\/td>\n<td style=\"height: 72px; text-align: center;\" width=\"60\">139-151<\/td>\n<\/tr>\n<tr style=\"height: 72px;\">\n<td style=\"height: 72px;\" width=\"583\"><strong>Maiko V. V.<\/strong><em><br \/>\n<\/em>Concerning the Establishment of Mediaeval Horizons of Mangup from the Ninth to Eleventh Centuries<\/td>\n<td style=\"height: 72px; text-align: center;\" width=\"60\">152-159<\/td>\n<\/tr>\n<tr style=\"height: 72px;\">\n<td style=\"height: 72px;\" width=\"583\"><strong>Zavadskaia I. \u0410.<\/strong><em><br \/>\n<\/em>Roof Tiles of Group I\u0430 in Eski-Kermen: On the Question of the Production Site<\/td>\n<td style=\"height: 72px; text-align: center;\" width=\"60\">160-186<\/td>\n<\/tr>\n<tr style=\"height: 180px;\">\n<td style=\"height: 180px;\" width=\"583\"><strong>Naumenko V. E., Duchenko \u0410. \u0410.<\/strong><em><br \/>\n<\/em>Prince\u2019s Palace in Ancient Mangup: Room \u041d in the Southern Area of the Complex (According to the Materials of R. Kh. Leper\u2019s Collections in the State Hermitage Museum and Recent Archaeological Researches)<\/td>\n<td style=\"height: 180px; text-align: center;\" width=\"60\">187-238<\/td>\n<\/tr>\n<tr style=\"height: 108px;\">\n<td style=\"height: 108px;\" width=\"583\"><strong>Kashovskaia N. V<\/strong><em>.<\/em><br \/>\nOn the Results of the Study of the Karaite Cemetery in Tabana-Dere Ravine: The Aspects of Chronology and Periodization<\/td>\n<td style=\"height: 108px; text-align: center;\" width=\"60\">239-277<\/td>\n<\/tr>\n<\/tbody>\n<\/table>\n<h3 style=\"text-align: center;\"><strong>Sigillography and Epigraphy<\/strong><\/h3>\n<table>\n<tbody>\n<tr>\n<td width=\"583\"><strong>Vinogradov A. Iu.<\/strong><em><br \/>\n<\/em>The Maim Reserch Problems and Questions of Researches in Byzantine Epigraphy of Mangup<\/td>\n<td width=\"60\">278-298<\/td>\n<\/tr>\n<tr>\n<td width=\"583\"><strong>Seibt W<\/strong><em>.<br \/>\n<\/em>Iakobos, Metropolitan of Gothia, and His Seal (Fourteenth Century)<\/td>\n<td width=\"60\">299-305<\/td>\n<\/tr>\n<\/tbody>\n<\/table>\n<h3 style=\"text-align: center;\"><strong>History<\/strong><\/h3>\n<table style=\"width: 100%;\" border=\"1\">\n<tbody>\n<tr>\n<td width=\"583\"><strong>Aibabin A. I.<\/strong><em><br \/>\n<\/em>Khazarian Sougdaia<\/td>\n<td style=\"text-align: center;\" width=\"60\">306-310<\/td>\n<\/tr>\n<tr>\n<td width=\"583\"><strong>Zuckerman C.<\/strong><em><br \/>\n<\/em>The End of Byzantine Rule in North-Eastern Pontus<\/td>\n<td style=\"text-align: center;\" width=\"60\">311-336<\/td>\n<\/tr>\n<tr>\n<td width=\"583\"><strong>Sidorenko V. A.<\/strong><em><br \/>\n<\/em>Yalta, Byzantine city in the Gothic diocese<\/td>\n<td style=\"text-align: center;\" width=\"60\">337-347<\/td>\n<\/tr>\n<tr>\n<td width=\"583\"><strong>Gertsen A. G<\/strong><em>.<br \/>\n<\/em>Theodoro Principality: From Alpha to Omega<\/td>\n<td style=\"text-align: center;\" width=\"60\">348-368<\/td>\n<\/tr>\n<tr>\n<td width=\"583\"><strong>Stepanenko V. P<\/strong><em>.<br \/>\n<\/em>Modern problems for studying of the history of the principal Feodoro: polemic notes<\/td>\n<td style=\"text-align: center;\" width=\"60\">369-377<\/td>\n<\/tr>\n<tr>\n<td width=\"583\"><strong>Seidaliev E. I.<\/strong><br \/>\nThe \u201cHekatontarchoi\u201d of the Fourteenth-Century Building Inscriptions from Mangup: A Golden Horde Insight<\/td>\n<td style=\"text-align: center;\" width=\"60\">378-387<\/td>\n<\/tr>\n<tr>\n<td width=\"583\"><strong>Kalinina T. M<\/strong><em>.<br \/>\n<\/em>Arabic Writers on Crimean Cities and Towns in the Golden Horde Period<\/td>\n<td style=\"text-align: center;\" width=\"60\">388-398<\/td>\n<\/tr>\n<tr>\n<td width=\"583\"><strong>Kramarovskii M. G<\/strong><em>.<br \/>\n<\/em>On the Christian Confessions of Solkhat in the Thirteenth and Fourteenth Centuries (A Preliminary Communication)<\/td>\n<td style=\"text-align: center;\" width=\"60\">399-411<\/td>\n<\/tr>\n<tr>\n<td width=\"583\"><strong>Khrapunov N. I<\/strong><em>.<br \/>\n<\/em>Ancient Site of Mangup in the Works of Travellers from the Late Eighteenth and Early Nineteenth Centuries: Researches and Illusions<\/td>\n<td style=\"text-align: center;\" width=\"60\">412-432<\/td>\n<\/tr>\n<tr>\n<td width=\"583\"><strong>Tunkina I. V<\/strong><em>.<br \/>\n<\/em>Little-Known Pages in the History of Mangup Researches: H. K. E. K\u00f6hler\u2019s Academic Expedition of 1821<\/td>\n<td style=\"text-align: center;\" width=\"60\">433-447<\/td>\n<\/tr>\n<tr>\n<td width=\"583\"><strong>Konkin D. V.<\/strong><em><br \/>\n<\/em>Academician P. S. Pallas\u2019 Economic \u201cDiscoveries\u201d in the Crimea: A \u201cDefect in Description\u201d<\/td>\n<td style=\"text-align: center;\" width=\"60\">448-456<\/td>\n<\/tr>\n<tr>\n<td width=\"583\"><strong>Prokhorov D. A<\/strong><em>.<br \/>\n<\/em>Several Disputable Aspects in the History of the Jewish Community at Mangup: On the Problem of the Karaites\u2019 Resettlement in the Late Eighteenth and Early Nineteenth Centuries<\/td>\n<td style=\"text-align: center;\" width=\"60\">457-493<\/td>\n<\/tr>\n<tr>\n<td width=\"583\"><strong>Shamanaev A. V<\/strong><em>.<br \/>\n<\/em>Archaeological Monuments Protection at Mangup from the Late Eighteenth to Early Twentieth Centuries<\/td>\n<td style=\"text-align: center;\" width=\"60\">494-505<\/td>\n<\/tr>\n<tr>\n<td width=\"583\"><strong>Manaev A. Iu., Zarubin V. G<\/strong><em>.<br \/>\n<\/em>Mangup-Kale in the System of the State Protection of Monuments from 1917 to 2017<\/td>\n<td style=\"text-align: center;\" width=\"60\">506-534<\/td>\n<\/tr>\n<tr>\n<td width=\"583\"><strong>Lomakin D. A<\/strong><em>.<br \/>\n<\/em>\u201cA Large Mosque Which Ruins Are Still Visible\u201d: Domestic Historiography from the Last Quarter of the Eighteenth to the Early Twenty-First Century on the Mosque of the Mediaeval Fortress of Kyrk-Er (Chufut-Kale)<\/td>\n<td style=\"text-align: center;\" width=\"60\">535-551<\/td>\n<\/tr>\n<tr>\n<td width=\"583\"><strong>Lomakina \u041c. \u0410.<\/strong><em><br \/>\n<\/em>The Complex of Khan Uzbek Mosque, Madrasa and Caravanserai in Staryi Krym in K. F. Bogaevskii\u2019s Works<\/td>\n<td style=\"text-align: center;\" width=\"60\">552-567<\/td>\n<\/tr>\n<\/tbody>\n<\/table>\n<h3 style=\"text-align: center;\"><strong>Reviews<\/strong><\/h3>\n<table style=\"width: 100%;\" border=\"1\">\n<tbody>\n<tr>\n<td width=\"583\"><strong>Kazanski M. \u041c., Mastykova A.V.<\/strong><em><br \/>\n<\/em>Review of: M. M\u0105czy\u0144ska, A. Gercen, O. Ivanova, S. \u010cerny\u0161, S. Lukin, A. Urbaniak, J. Bemmann, K. Schneider, I. Jakubczyk. Das fr\u00fch\u00admittelalterliche Gr\u00e4berfeld Almalyk-dere am Fusse des Mangu\u0440 auf der S\u00fcdwestkrim. Mainz: Verlag des RGZM, 2016. 180 S., 387 Taf.<\/td>\n<td style=\"text-align: center;\" width=\"60\">568-573<\/td>\n<\/tr>\n<tr>\n<td width=\"583\">Contributors<\/td>\n<td style=\"text-align: center;\" width=\"60\">574-577<\/td>\n<\/tr>\n<tr>\n<td width=\"583\">List of Abbreviations<\/td>\n<td style=\"text-align: center;\" width=\"60\">578-579<\/td>\n<\/tr>\n<\/tbody>\n<\/table>\n","protected":false},"excerpt":{"rendered":"<p>Text of number one file \u00a0 Naumenko V. E. To Aleksandr Germanovich Gertsen\u2019s Seventeenth Birthday and the Fifty Years of the Mangup Archaeological Expedition 4-11 Gertsen A. G. To the Fifty Years of Renewal of Archaeological Research of Mangup: The Initial Stage 12-45 Selected Bibliography on the History and Archaeology of Mangup 46-53 Archaeology Khrapunov [&hellip;]<\/p>\n","protected":false},"author":11,"featured_media":0,"parent":24,"menu_order":0,"comment_status":"closed","ping_status":"closed","template":"","meta":{"footnotes":""},"class_list":["post-503","page","type-page","status-publish","hentry"],"translation":{"provider":"WPGlobus","version":"3.0.2","language":"en","enabled_languages":["ru","en"],"languages":{"ru":{"title":true,"content":true,"excerpt":false},"en":{"title":true,"content":true,"excerpt":false}}},"_links":{"self":[{"href":"https:\/\/maiet.cfuv.ru\/en\/wp-json\/wp\/v2\/pages\/503","targetHints":{"allow":["GET"]}}],"collection":[{"href":"https:\/\/maiet.cfuv.ru\/en\/wp-json\/wp\/v2\/pages"}],"about":[{"href":"https:\/\/maiet.cfuv.ru\/en\/wp-json\/wp\/v2\/types\/page"}],"author":[{"embeddable":true,"href":"https:\/\/maiet.cfuv.ru\/en\/wp-json\/wp\/v2\/users\/11"}],"replies":[{"embeddable":true,"href":"https:\/\/maiet.cfuv.ru\/en\/wp-json\/wp\/v2\/comments?post=503"}],"version-history":[{"count":7,"href":"https:\/\/maiet.cfuv.ru\/en\/wp-json\/wp\/v2\/pages\/503\/revisions"}],"predecessor-version":[{"id":549,"href":"https:\/\/maiet.cfuv.ru\/en\/wp-json\/wp\/v2\/pages\/503\/revisions\/549"}],"up":[{"embeddable":true,"href":"https:\/\/maiet.cfuv.ru\/en\/wp-json\/wp\/v2\/pages\/24"}],"wp:attachment":[{"href":"https:\/\/maiet.cfuv.ru\/en\/wp-json\/wp\/v2\/media?parent=503"}],"curies":[{"name":"wp","href":"https:\/\/api.w.org\/{rel}","templated":true}]}}