{"id":22,"date":"2016-12-01T14:11:19","date_gmt":"2016-12-01T11:11:19","guid":{"rendered":"http:\/\/maiet.cfuv.ru\/?page_id=22"},"modified":"2025-01-22T10:23:27","modified_gmt":"2025-01-22T07:23:27","slug":"tekushhij-nomer","status":"publish","type":"page","link":"https:\/\/maiet.cfuv.ru\/en\/tekushhij-nomer\/","title":{"rendered":"Current number"},"content":{"rendered":"<p style=\"text-align: right;\"><a href=\"https:\/\/maiet.cfuv.ru\/wp-content\/uploads\/2024\/12\/\u041c\u0410\u0418\u042d\u0422-29-2024.pdf\" target=\"_blank\" rel=\"noopener\">All articles of the issue<\/a><\/p>\n<p><strong>Materials in Archaeology, History and Ethnography of Tauria. 2024. Vol. XXI\u0425<\/strong><\/p>\n<p><strong><em>Archaeology<\/em><\/strong><\/p>\n<table>\n<tbody>\n<tr>\n<td><em>Smekalova T.N., Borisov \u0410.V., Maslennikov A.A., Semenova S.V., Goroshnikov A.\u0410., Goroshnikova Z.V., Devaev A.S., Gavriliuk A.N., Pinskoi V.N., Potapova A.V., Leonov L.L., Fridrikhson S.K.<\/em> <a href=\"https:\/\/maiet.cfuv.ru\/%d0%ba%d0%b0%d1%80%d0%b0%d0%bb%d0%b0%d1%80%d1%81%d0%ba%d0%be%d0%b5-%d0%bf%d0%be%d0%b1%d0%b5%d1%80%d0%b5%d0%b6%d1%8c%d0%b5-%d0%ba%d1%80%d1%8b%d0%bc%d1%81%d0%ba%d0%be%d0%b3%d0%be-%d0%bf%d1%80%d0%b8\/\">Karalar Coast of the Azov Sea Crimean Area in the Bronze Age: An Interdisciplinary Research<\/a><\/td>\n<td>5-33<\/td>\n<\/tr>\n<tr>\n<td><em>Rukavishnikova I.V., Antipenko A.V., Fridrikhson S.K. <\/em><a href=\"https:\/\/maiet.cfuv.ru\/%d1%80%d0%b5%d0%b7%d1%83%d0%bb%d1%8c%d1%82%d0%b0%d1%82%d1%8b-%d1%80%d0%b5%d0%bd%d1%82%d0%b3%d0%b5%d0%bd%d0%be-%d1%84%d0%bb%d1%83%d0%be%d1%80%d0%b5%d1%81%d1%86%d0%b5%d0%bd%d1%82%d0%bd%d0%be%d0%b3%d0%be\/\">Results of X-ray Fluorescence Analysis of the Alloy Composition of Metal Ornaments from the Cemetery of Batyrskii 1: A Brief Communication<\/a><\/td>\n<td>34-37<\/td>\n<\/tr>\n<tr>\n<td><em>Zin\u2019ko A.V. <\/em><a href=\"https:\/\/maiet.cfuv.ru\/%d0%b4%d1%80%d0%b5%d0%b2%d0%bd%d1%8f%d1%8f-%d1%8f%d0%ba%d0%be%d1%80%d0%bd%d0%b0%d1%8f-%d1%81%d1%82%d0%be%d1%8f%d0%bd%d0%ba%d0%b0-%d1%83-%d0%bc%d1%8b%d1%81%d0%b0-%d1%82%d1%83%d0%b7%d0%bb%d0%b0\/\">Ancient Anchorage at Cape Tuzla<\/a><\/td>\n<td>38-59<\/td>\n<\/tr>\n<tr>\n<td><em>Vakhoneev V.V. <\/em><a href=\"https:\/\/maiet.cfuv.ru\/%d1%84%d0%b8%d0%b3%d1%83%d1%80%d0%bd%d1%8b%d0%b9-%d1%81%d0%be%d1%81%d1%83%d0%b4-%d0%b8%d0%b7-%d1%80%d0%b0%d1%81%d0%ba%d0%be%d0%bf%d0%be%d0%ba-%d1%8e%d0%b6%d0%bd%d0%be%d0%b3%d0%be-%d0%bf%d1%80%d0%b8\/\">Figure Vessel Excavated at the Southern Suburb of Chersonese<\/a><\/td>\n<td>60-72<\/td>\n<\/tr>\n<tr>\n<td><em>Vdovchenkov E.V., Fesenko D.O., Aramova O.Iu., Leonova D.K., Kornienko I.V., Ivanovskii I.D. <\/em><a href=\"https:\/\/maiet.cfuv.ru\/%d0%bd%d0%b0%d1%81%d0%b5%d0%bb%d0%b5%d0%bd%d0%b8%d0%b5-%d0%bc%d0%b5%d0%be%d1%82%d1%81%d0%ba%d0%b8%d1%85-%d0%b3%d0%be%d1%80%d0%be%d0%b4%d0%b8%d1%89-%d0%bd%d0%b8%d0%b6%d0%bd%d0%b5%d0%b3%d0%be-%d0%b4\/\">Population of the Maiotian Settlements in the Lower Don Area according to Archaeology and Palaeogenetics<\/a><\/td>\n<td>73-84<\/td>\n<\/tr>\n<tr>\n<td><em>\u00c7elikba\u015f E., G\u00fcnd\u00fcz B. <\/em><a href=\"https:\/\/maiet.cfuv.ru\/%d1%84%d1%80%d0%b0%d0%b3%d0%bc%d0%b5%d0%bd%d1%82%d1%8b-%d0%be%d0%ba%d0%be%d0%bd%d0%bd%d1%8b%d1%85-%d1%81%d1%82%d0%b5%d0%ba%d0%be%d0%bb-%d0%b8%d0%b7-%d1%81%d0%b5%d0%b2%d0%b5%d1%80%d0%be-%d0%b7%d0%b0\/\">Windowpanes fragments from the Northwest Necropolis Church of Paphlagonian Hadrianopolis<\/a><\/td>\n<td>85-95<\/td>\n<\/tr>\n<tr>\n<td><em>Golofast L.A., Zhuravlev D.V., Rumyantseva O.S.<\/em> <a href=\"https:\/\/maiet.cfuv.ru\/%d1%81%d1%82%d0%b5%d0%ba%d0%bb%d1%8f%d0%bd%d0%bd%d1%8b%d0%b5-%d1%81%d0%be%d1%81%d1%83%d0%b4%d1%8b-%d1%81-%d1%87%d0%b5%d1%82%d1%8b%d1%80%d0%b5%d1%85%d0%b3%d1%80%d0%b0%d0%bd%d0%bd%d1%8b%d0%bc-%d1%82\/\">Square Glass Vessels from the Collection of the State Historical Museum<\/a><\/td>\n<td>96-127<\/td>\n<\/tr>\n<tr>\n<td><em>Khairedinova E.A. <\/em><a href=\"https:\/\/maiet.cfuv.ru\/%d1%81%d0%ba%d0%bb%d0%b5%d0%bf-384-%d1%81-%d0%bd%d0%b8%d1%88%d0%b0%d0%bc%d0%b8-%d0%b8%d0%b7-%d0%bd%d0%b5%d0%ba%d1%80%d0%be%d0%bf%d0%be%d0%bb%d1%8f-%d0%bd%d0%b0-%d1%8e%d0%b3%d0%be-%d0%b2%d0%be%d1%81\/\">Vault 384 with niches from the necropolis on the south-eastern slope of the Eski-Kerman plateau<\/a><\/td>\n<td>128-145<\/td>\n<\/tr>\n<tr>\n<td><em>Denisenko N.D.<\/em> <a href=\"https:\/\/maiet.cfuv.ru\/%d0%be%d0%b1%d0%be%d1%80%d0%be%d0%bd%d0%b8%d1%82%d0%b5%d0%bb%d1%8c%d0%bd%d1%8b%d0%b5-%d1%83%d0%ba%d1%80%d0%b5%d0%bf%d0%bb%d0%b5%d0%bd%d0%b8%d1%8f-%d0%bd%d0%b0-%d0%bf%d0%bb%d0%b0%d1%82%d0%be-%d1%8d\/\">Defensive Structures atop of the Plateau of Eski-Kermen in the Context of Fortification Building on the Early Byzantine Frontier: Presentation of the Question<\/a><\/td>\n<td>146-156<\/td>\n<\/tr>\n<tr>\n<td><em>Naumenko V.E. <\/em><a href=\"https:\/\/maiet.cfuv.ru\/%d0%ba-%d0%b4%d0%b8%d1%81%d0%ba%d1%83%d1%81%d1%81%d0%b8%d0%b8-%d0%be-%d0%bf%d1%80%d0%b8%d1%87%d0%b5%d1%80%d0%bd%d0%be%d0%bc%d0%be%d1%80%d1%81%d0%ba%d0%b8%d1%85-%d0%b8-%d0%b3%d0%bb\/\">For the Discussion on the \u201cBlack Sea\u201d and \u201cGlobular\u201d Amphorae in Byzantine Taurica. Some Observations concerning Their Chronology and Attribution in the Light of New Archaeological Data<\/a><\/td>\n<td>157-182<\/td>\n<\/tr>\n<tr>\n<td><em>Maiko V.V.<\/em> <a href=\"https:\/\/maiet.cfuv.ru\/%d1%84%d0%b8%d0%b3%d1%83%d1%80%d0%bd%d1%8b%d0%b5-%d0%bf%d0%be%d0%b4%d0%b2%d0%b5%d1%81%d0%ba%d0%b8-%d1%87%d1%83%d0%bc%d0%b1%d1%83%d1%80%d0%bd%d1%8b%d0%b5-%d0%b1%d0%bb%d0%be%d0%ba%d0%b8-%d1%85%d0%b0\/\">Figural Pendants (Bind-Reins Loop) from the Khazar Period in the Taurica<\/a><\/td>\n<td>183-191<\/td>\n<\/tr>\n<tr>\n<td><em>Sidorenko V.A., Sedikova L.V.<\/em> <a href=\"https:\/\/maiet.cfuv.ru\/%d0%bd%d0%b0%d0%b2%d0%b5%d1%81%d0%bd%d0%be%d0%b9-%d0%b7%d0%b0%d0%bco%d0%ba-%d0%bc%d0%b0%d1%81%d1%82%d0%b5%d1%80%d0%b0-o%d0%bc%d0%b0%d1%80%d0%b0-y%d0%bc%d0%b0%d1%80%d0%b0-%d1%81%d0%b8%d1%80%d0%b8\/\">Padlock of the Master \u2019Omar (\u2019Umar) the Syrian Excavated at Mediaeval Cherson<\/a><\/td>\n<td>192-208<\/td>\n<\/tr>\n<tr>\n<td><em>Antipenko A.V.<\/em> <a href=\"https:\/\/maiet.cfuv.ru\/%d0%b7%d0%b5%d1%80%d0%ba%d0%b0%d0%bb%d0%be-%d1%81-%d0%b4%d1%80%d0%b0%d0%ba%d0%be%d0%bd%d0%b0%d0%bc%d0%b8-%d0%b8%d0%b7-%d1%8e%d0%b3%d0%be-%d0%b7%d0%b0%d0%bf%d0%b0%d0%b4%d0%bd%d0%be%d0%b3%d0%be-%d0%ba\/\">Dragon Mirror from the South-Western Crimea<\/a><\/td>\n<td>209-215<\/td>\n<\/tr>\n<tr>\n<td><em>Seidaliev E.I., Seidalieva D.E., Useinov M.A. <\/em><a href=\"https:\/\/maiet.cfuv.ru\/%d1%8d%d0%bf%d0%b8%d0%b3%d1%80%d0%b0%d1%84%d0%b8%d1%87%d0%b5%d1%81%d0%ba%d0%b8%d0%b5-%d0%bd%d0%b0%d0%b4%d0%bf%d0%b8%d1%81%d0%b8-%d0%bd%d0%b0-%d0%ba%d0%b5%d1%80%d0%b0%d0%bc%d0%b8%d0%ba%d0%b5-%d0%b8\/\">Epigraphic Inscriptions on Ceramic Ware Excavated at the Golden Horde Settlement of Solkhat<\/a><\/td>\n<td>216-233<\/td>\n<\/tr>\n<tr>\n<td><em>Seidalieva D.E. <\/em><a href=\"https:\/\/maiet.cfuv.ru\/%d1%88%d1%82%d0%b0%d0%bc%d0%bf%d0%be%d0%b2%d0%b0%d0%bd%d0%bd%d1%8b%d0%b5-%d1%81%d0%be%d1%81%d1%83%d0%b4%d1%8b-%d1%81-%d0%b1%d0%b8%d1%80%d1%8e%d0%b7%d0%be%d0%b2%d0%be%d0%b9-%d0%b3%d0%bb%d0%b0%d0%b7\/\">Stamped Pottery Featuring Turquoise Glaze Excavated at Golden-Horde Solkhat<\/a><\/td>\n<td>234-242<\/td>\n<\/tr>\n<tr>\n<td><em>Dushenko A.A. <\/em><a href=\"https:\/\/maiet.cfuv.ru\/%d0%bd%d0%b0%d1%80%d1%83%d1%87%d0%b8-%d0%b1%d0%b0%d0%b7%d1%83%d0%b1%d0%b0%d0%bd%d0%b4-%d0%b8%d0%b7-%d1%80%d0%b0%d1%81%d0%ba%d0%be%d0%bf%d0%be%d0%ba-%d1%86%d0%b8%d1%82%d0%b0%d0%b4%d0%b5%d0%bb%d0%b8\/\">Bazuband Vambrace Excavated at the Citadel of Mangup<\/a><\/td>\n<td>243-260<\/td>\n<\/tr>\n<tr>\n<td><em>Gantsev V.K. <\/em><a href=\"https:\/\/maiet.cfuv.ru\/%d0%bd%d0%be%d0%b2%d1%8b%d0%b9-%d0%ba%d0%bb%d0%b0%d1%81%d1%81-%d1%81%d0%ba%d0%b0%d0%bb%d1%8c%d0%bd%d1%8b%d1%85-%d0%b2%d0%b8%d0%bd%d0%be%d0%b3%d1%80%d0%b0%d0%b4%d0%be%d0%b4%d0%b0%d0%b2%d0%b8%d0%bb\/\">New Class of the Rock-cut Wine-presses in the South-western Crimea<\/a><\/td>\n<td>261-276<\/td>\n<\/tr>\n<\/tbody>\n<\/table>\n<p><strong><em>Numismatics<\/em><\/strong><\/p>\n<table>\n<tbody>\n<tr>\n<td><em>Shonov I.V. <\/em><a href=\"https:\/\/maiet.cfuv.ru\/%d0%bc%d0%be%d0%bd%d0%b5%d1%82%d0%bd%d1%8b%d0%b5-%d0%b2%d1%8b%d0%bf%d1%83%d1%81%d0%ba%d0%b8-%d1%85%d0%b5%d1%80%d1%81%d0%be%d0%bd%d0%b5%d1%81%d0%b0-%d1%82%d0%b0%d0%b2%d1%80%d0%b8%d1%87%d0%b5%d1%81\/\">Coin issues of Tauric Chersonese in 187\u2013175 B\u0421<\/a><\/td>\n<td>277-283<\/td>\n<\/tr>\n<tr>\n<td><em>Alekseienko N.A. <\/em><a href=\"https:\/\/maiet.cfuv.ru\/%d1%84%d0%b0%d0%bb%d1%8c%d1%88%d0%b8%d0%b2%d1%8b%d0%b9-%d1%82%d0%b8%d1%80%d0%be%d0%bb%d1%8c%d1%81%d0%ba%d0%b8%d0%b9-%d1%82%d0%b0%d0%bb%d0%b5%d1%80-%d0%ba%d0%be%d0%bd%d1%86%d0%b0-xvi-%d0%b2-%d0%b8\/\">Counterfeit Late-sixteenth-century Tyrolean Thaler from the South-eastern Crimea<\/a><\/td>\n<td>284-290<\/td>\n<\/tr>\n<\/tbody>\n<\/table>\n<p><strong><em>History<\/em><\/strong><\/p>\n<table>\n<tbody>\n<tr>\n<td><em>Aibabin A.I.<\/em> <a href=\"https:\/\/maiet.cfuv.ru\/%d1%85%d1%80%d0%b8%d1%81%d1%82%d0%b8%d0%b0%d0%bd%d0%b8%d0%b7%d0%b0%d1%86%d0%b8%d1%8f-%d0%b3%d0%be%d1%82%d0%be%d0%b2-%d0%be%d0%b1%d0%bb%d0%b0%d1%81%d1%82%d0%b8-%d0%b4%d0%be%d1%80%d0%b8\/\">Christianization of the Goths in the Region of Dory<\/a><\/td>\n<td>291-304<\/td>\n<\/tr>\n<tr>\n<td><em>Shalyga D.A. <\/em><a href=\"https:\/\/maiet.cfuv.ru\/%d0%ba-%d0%b2%d0%be%d0%bf%d1%80%d0%be%d1%81%d1%83-%d0%be-%d0%b3%d0%be%d1%82%d1%81%d0%ba%d0%be%d0%bc-%d1%81%d0%bb%d0%b5%d0%b4%d0%b5-%d0%b2-%d0%ba%d1%80%d1%8b%d0%bc%d1%81%d0%ba%d0%be%d0%b9-%d0%be%d0%bd\/\">On the Question of the Gothic Trace in the Crimean Onomastics<\/a><\/td>\n<td>305-312<\/td>\n<\/tr>\n<tr>\n<td><em>Kolganova V.A. <\/em><a href=\"https:\/\/maiet.cfuv.ru\/%d1%87%d0%b5%d1%80%d0%bd%d0%b0%d1%8f-%d1%81%d0%bc%d0%b5%d1%80%d1%82%d1%8c-%d0%b3%d0%bb%d0%b0%d0%b7%d0%b0%d0%bc%d0%b8-%d1%81%d0%be%d0%b2%d1%80%d0%b5%d0%bc%d0%b5%d0%bd%d0%bd%d0%b8%d0%ba\/\">\u201cBlack Death\u201d through the Eyes of Contemporaries: An Attempt to Classify Written Sources<\/a><\/td>\n<td>313-340<\/td>\n<\/tr>\n<tr>\n<td><em>Khrapunov N.I. <\/em><a href=\"https:\/\/maiet.cfuv.ru\/%d0%bf%d0%b5%d1%89%d0%b5%d1%80%d0%bd%d1%8b%d0%b5-%d0%b3%d0%be%d1%80%d0%be%d0%b4%d0%b0-%d0%ba%d1%80%d1%8b%d0%bc%d0%b0-%d0%b8-%d0%bb%d0%b5%d0%b3%d0%b5%d0%bd%d0%b4%d1%8b-%d0%be-%d0%b2%d1%81\/\">\u201cCave towns\u201d in the Crimea and the legends of the Deluge<\/a><\/td>\n<td>341-378<\/td>\n<\/tr>\n<tr>\n<td><em>Lomakin D.\u0410. <\/em><a href=\"https:\/\/maiet.cfuv.ru\/%d0%bc%d0%b5%d1%87%d0%b5%d1%82%d1%8c-%d1%8d%d1%81%d0%ba%d0%b8-%d0%b4%d0%b6%d0%b0%d0%bc%d0%b8-%d1%81-%d0%bf%d0%b8%d0%be%d0%bd%d0%b5%d1%80%d1%81%d0%ba%d0%be%d0%b5-%d1%80%d0%b5%d1%81%d0%bf%d1%83%d0%b1\/\">Eski-Dzhami Mosque (Modern Village of Pionerskoe, Republic of the Crimea)<\/a><\/td>\n<td>379-403<\/td>\n<\/tr>\n<tr>\n<td><em>Shul\u2019man K.D.<\/em> <a href=\"https:\/\/maiet.cfuv.ru\/%d0%bc%d1%83%d1%81%d1%83%d0%bb%d1%8c%d0%bc%d0%b0%d0%bd%d1%81%d0%ba%d0%b8%d0%b5-%d1%81%d1%80%d0%b5%d0%b4%d0%bd%d0%b5%d0%b2%d0%b5%d0%ba%d0%be%d0%b2%d1%8b%d0%b5-%d0%bd%d0%b0%d0%b4%d0%b3%d1%80%d0%be%d0%b1\/\">Mediaeval Muslim Tombstones in the Crimea as a Source of Information on the Significance of Madrasah in the Crimean Society<\/a><\/td>\n<td>404-414<\/td>\n<\/tr>\n<tr>\n<td><em>Smekalova T.N., Devaev A.S., Gavriliuk A.N. <\/em><a href=\"https:\/\/maiet.cfuv.ru\/%d0%be%d1%81%d0%be%d0%b1%d0%b5%d0%bd%d0%bd%d0%be%d1%81%d1%82%d0%b8-%d0%b2%d0%be%d0%be%d1%80%d1%83%d0%b6%d0%b5%d0%bd%d0%b8%d1%8f-%d1%81%d0%b0%d0%bb%d0%b3%d0%b8%d1%80%d1%81%d0%ba%d0%be%d0%b3%d0%be\/\">Features of the Armament of the Salgir Fieldwork, the First Russian Fort in the Crimea: An Interdisciplinary Research<\/a><\/td>\n<td>415-429<\/td>\n<\/tr>\n<tr>\n<td><em>Gertsen A.G., Mal\u2019gin A.V., Tkachenko V.V., Smekalova T.N. <\/em><a href=\"https:\/\/maiet.cfuv.ru\/%d0%bf%d0%be%d1%81%d0%bb%d0%b5%d0%b4%d0%bd%d0%b5%d0%b5-%d1%81%d1%80%d0%b0%d0%b6%d0%b5%d0%bd%d0%b8%d0%b5-%d1%80%d1%83%d1%81%d1%81%d0%ba%d0%be-%d1%82%d1%83%d1%80%d0%b5%d1%86%d0%ba%d0%be%d0%b9-%d0%b2\/\" target=\"_blank\" rel=\"noopener\">Last Battle of the Russo-Turkish War of 1768\u20131774. The Fight of Shumy: The Results of Historical and Archaeological Research of the Event<\/a><\/td>\n<td>430-445<\/td>\n<\/tr>\n<tr>\n<td><em>Belik Yu.L. <\/em><a href=\"https:\/\/maiet.cfuv.ru\/%d0%be%d0%b1%d0%be%d1%80%d0%be%d0%bd%d0%b8%d1%82%d0%b5%d0%bb%d1%8c%d0%bd%d0%b0%d1%8f-%d1%81%d0%b8%d1%81%d1%82%d0%b5%d0%bc%d0%b0-%d0%ba%d1%80%d1%8b%d0%bc%d1%81%d0%ba%d0%be-%d1%82%d0%b0%d0%bc%d0%b0\/\">Defensive System of the Crimea-Taman Region in the Late-eighteenth Century: New Documents<\/a><\/td>\n<td>446-456<\/td>\n<\/tr>\n<tr>\n<td><em>Gertsen A.G. <\/em><a href=\"https:\/\/maiet.cfuv.ru\/%d0%be%d0%b1%d0%be%d1%80%d0%be%d0%bd%d0%b0-%d0%ba%d1%80%d1%8b%d0%bc%d0%b0-%d0%b2-%d0%b2%d0%be%d0%b5%d0%bd%d0%bd%d0%be-%d0%b8%d0%bd%d0%b6%d0%b5%d0%bd%d0%b5%d1%80%d0%bd%d1%8b%d1%85-%d0%bf%d1%80%d0%be\/\">Defence of the Crimea in A. V. Suvorov and F. de Wollant\u2019s Military Engineering Projects (1792\u20131794)<\/a><\/td>\n<td>457-466<\/td>\n<\/tr>\n<tr>\n<td><em>Aibabin. I.\u0410. <\/em><a href=\"https:\/\/maiet.cfuv.ru\/%d0%ba%d1%80%d1%8b%d0%bc%d1%81%d0%ba%d0%be%d0%b5-%d1%8d%d1%85%d0%be-%d0%b8%d0%b7%d0%b4%d0%b0%d1%82%d0%b5%d0%bb%d1%8c%d1%81%d0%ba%d0%be%d0%b9-%d0%b4%d0%b5%d1%8f%d1%82%d0%b5%d0%bb%d1%8c\/\">Crimean \u201cecho\u201d of French publishing activity counter-revolutionary Jean Gabriel Peltier<\/a><\/td>\n<td>467-474<\/td>\n<\/tr>\n<tr>\n<td><em>Konkin D.V. <\/em><a href=\"https:\/\/maiet.cfuv.ru\/%d0%bf%d1%83%d1%82%d0%b5%d1%88%d0%b5%d1%81%d1%82%d0%b2%d0%b8%d1%8f-%d0%b0%d0%bb%d0%b5%d0%ba%d1%81%d0%b0%d0%bd%d0%b4%d1%80%d0%b0-i-%d0%b2-%d0%ba%d1%80%d1%8b%d0%bc-%d0%b2-%d0%ba%d0%be%d0%bd%d1%82%d0%b5\/\">Alexandre I\u2019s Travels to the Crimea in the Context of Development of Historical and Cultural Territories (On the Example of Transformations of the Palace of Bakhchisarai on the Eve and after the Most High Visits of 1818 and 1825)<\/a><\/td>\n<td>475-490<\/td>\n<\/tr>\n<tr>\n<td><em>Prokhorov D.\u0410., Borshchik N.D. <\/em><a href=\"https:\/\/maiet.cfuv.ru\/%d0%b4%d0%b5%d1%8f%d1%82%d0%b5%d0%bb%d1%8c%d0%bd%d0%be%d1%81%d1%82%d1%8c-%d1%82%d0%b0%d0%bc%d0%be%d0%b6%d0%b5%d0%bd%d0%bd%d1%8b%d1%85-%d0%b8-%d0%ba%d0%b0%d1%80%d0%b0%d0%bd%d1%82%d0%b8%d0%bd%d0%bd\/\">Works of the Russian Empire\u2019s Customs and Quarantine Offices in the Second Half of the Nineteenth Century according to the Documents from the State Archive of the Republic of the Crimea<\/a><\/td>\n<td>491-499<\/td>\n<\/tr>\n<tr>\n<td><em>Nepomniashchii A.A. <\/em><a href=\"https:\/\/maiet.cfuv.ru\/%d0%ba%d1%80%d1%8b%d0%bc-%d0%bd%d0%b0-%d1%81%d1%8a%d0%b5%d0%b7%d0%b4%d0%b5-%d0%bf%d1%80%d0%b5%d0%b4%d1%81%d1%82%d0%b0%d0%b2%d0%b8%d1%82%d0%b5%d0%bb%d0%b5%d0%b9-%d0%b3%d1%83%d0%b1%d0%b5%d1%80%d0%bd\/\">Crimea on the 1914 Congress of the Representatives of the Governorate Scholarly Archival Commissions<\/a><\/td>\n<td>500-509<\/td>\n<\/tr>\n<tr>\n<td><em>Lomakina M.\u0410., Aibabina E.A. <\/em><a href=\"https:\/\/maiet.cfuv.ru\/%d0%bf%d0%be%d0%b4%d0%b0%d1%80%d0%be%d0%ba-%d0%b8%d0%b7-%d1%81%d1%80%d0%b5%d0%b4%d0%bd%d0%b5%d0%b2%d0%b5%d0%ba%d0%be%d0%b2%d1%8c%d1%8f-%d0%ba%d0%bd%d0%b8%d0%b3%d0%b0-%d0%be-%d1%86%d0%b5%d0%bb%d0%b5\/\">Mediaeval Gift: A Book of Curative Plants Owned by K.F. Bogaevskii<\/a><\/td>\n<td>510-527<\/td>\n<\/tr>\n<tr>\n<td><em>Sychenkova L.A. <\/em><a href=\"https:\/\/maiet.cfuv.ru\/%d0%b2%d0%ba%d0%bb%d0%b0%d0%b4-%d0%b1%d0%be%d1%80%d0%b8%d1%81%d0%b0-%d0%b4%d0%b5%d0%bd%d0%b8%d0%ba%d0%b5-%d0%b2-%d0%b8%d0%b7%d1%83%d1%87%d0%b5%d0%bd%d0%b8%d0%b5-%d0%ba%d1%80%d1%8b%d0%bc%d1%81%d0%ba\/\">Boris Denike\u2019s Contribution to the Studies of the Crimean Tatar Architectural Heritage<\/a><\/td>\n<td>528-544<\/td>\n<\/tr>\n<tr>\n<td><em>Chemodurov N.N. <\/em><a href=\"https:\/\/maiet.cfuv.ru\/%d0%b5%d0%b2%d0%bf%d0%b0%d1%82%d0%be%d1%80%d0%b8%d0%b9%d1%81%d0%ba%d0%b0%d1%8f-%d1%8d%d0%ba%d1%81%d0%bf%d0%b5%d0%b4%d0%b8%d1%86%d0%b8%d1%8f-%d0%b3%d0%b0%d0%b8%d0%bc%d0%ba-%d0%b2-%d0%bf%d0%b5%d1%80\/\">The SAHMC Yevpatoria Expedition in the Correspondence of Ia.G. Blagodarnyi and P.N. Shul\u2019ts<\/a><\/td>\n<td>545-567<\/td>\n<\/tr>\n<\/tbody>\n<\/table>\n<p><strong><em>Reviews<\/em><\/strong><\/p>\n<table>\n<tbody>\n<tr>\n<td><em>Kozlov A.S.<\/em> <a href=\"https:\/\/maiet.cfuv.ru\/wp-content\/uploads\/2024\/12\/37_\u041a\u043e\u0437\u043b\u043e\u0432_\u0420\u0435\u0446\u0435\u043d\u0437\u0438\u044f.pdf\">Review: Zavagno L. The Byzantine City from Heraclius to the Fourth Crusade, 610\u20131204: Urban Life after Antiquity. New York: Palgrave Macmillan, 2022. XIII, 226 p.<\/a><\/td>\n<td>568-572<\/td>\n<\/tr>\n<tr>\n<td><em>Stepanenko V.P.<\/em> <a href=\"https:\/\/maiet.cfuv.ru\/wp-content\/uploads\/2024\/12\/38_\u0421\u0442\u0435\u043f\u0430\u043d\u0435\u043d\u043a\u043e_\u0420\u0435\u0446\u0435\u043d\u0437\u0438\u044f.pdf\">Review: Cheynet J.-Cl. Les sceaux byzantins de la collection Yavuz Tatis. Izmir, 2019. 464 p.<\/a><\/td>\n<td>573-578<\/td>\n<\/tr>\n<\/tbody>\n<\/table>\n<p>&nbsp;<\/p>\n","protected":false},"excerpt":{"rendered":"<p>All articles of the issue Materials in Archaeology, History and Ethnography of Tauria. 2024. Vol. XXI\u0425 Archaeology Smekalova T.N., Borisov \u0410.V., Maslennikov A.A., Semenova S.V., Goroshnikov A.\u0410., Goroshnikova Z.V., Devaev A.S., Gavriliuk A.N., Pinskoi V.N., Potapova A.V., Leonov L.L., Fridrikhson S.K. Karalar Coast of the Azov Sea Crimean Area in the Bronze Age: An Interdisciplinary [&hellip;]<\/p>\n","protected":false},"author":11,"featured_media":0,"parent":0,"menu_order":0,"comment_status":"closed","ping_status":"closed","template":"","meta":{"footnotes":""},"class_list":["post-22","page","type-page","status-publish","hentry"],"translation":{"provider":"WPGlobus","version":"3.0.2","language":"en","enabled_languages":["ru","en"],"languages":{"ru":{"title":true,"content":true,"excerpt":false},"en":{"title":true,"content":true,"excerpt":false}}},"_links":{"self":[{"href":"https:\/\/maiet.cfuv.ru\/en\/wp-json\/wp\/v2\/pages\/22","targetHints":{"allow":["GET"]}}],"collection":[{"href":"https:\/\/maiet.cfuv.ru\/en\/wp-json\/wp\/v2\/pages"}],"about":[{"href":"https:\/\/maiet.cfuv.ru\/en\/wp-json\/wp\/v2\/types\/page"}],"author":[{"embeddable":true,"href":"https:\/\/maiet.cfuv.ru\/en\/wp-json\/wp\/v2\/users\/11"}],"replies":[{"embeddable":true,"href":"https:\/\/maiet.cfuv.ru\/en\/wp-json\/wp\/v2\/comments?post=22"}],"version-history":[{"count":41,"href":"https:\/\/maiet.cfuv.ru\/en\/wp-json\/wp\/v2\/pages\/22\/revisions"}],"predecessor-version":[{"id":3874,"href":"https:\/\/maiet.cfuv.ru\/en\/wp-json\/wp\/v2\/pages\/22\/revisions\/3874"}],"wp:attachment":[{"href":"https:\/\/maiet.cfuv.ru\/en\/wp-json\/wp\/v2\/media?parent=22"}],"curies":[{"name":"wp","href":"https:\/\/api.w.org\/{rel}","templated":true}]}}