{"id":10,"date":"2016-12-01T14:03:57","date_gmt":"2016-12-01T11:03:57","guid":{"rendered":"http:\/\/maiet.cfuv.ru\/?page_id=10"},"modified":"2022-02-07T16:09:55","modified_gmt":"2022-02-07T13:09:55","slug":"redakcionnaya-kollegiya","status":"publish","type":"page","link":"https:\/\/maiet.cfuv.ru\/en\/redakcionnaya-kollegiya\/","title":{"rendered":"Editorial Board"},"content":{"rendered":"<h2><strong><em>Editor-in-chief:<\/em><\/strong><\/h2>\n<p><strong>Aibabin, Aleksandr Il\u2019ich<\/strong>,<br \/>\nDSc, Professor, Director of the History and Archaeology of the Crimea Research Centre at the V.I. Vernadsky Crimean Federal University (Simferopol, Russia), ORCID: 0000-0002-4116-8198, ResercherID: Y-8384-2018, ScopusID: 57214235725<\/p>\n<p><strong><em>Deputy Editor-in-chief:<\/em><\/strong><\/p>\n<p><strong>Sidorenko, Valerii Anatol\u2019evich<\/strong>,<br \/>\nCSc, Deputy Director in Research of the History and\u00a0 Archaeology of the Crimea Research Centre at the V.I. Vernadsky Crimean Federal University (Simferopol, Russia), ORCID: 0000-0002-7437-2750, ResercherID: AAH-7227-2019<\/p>\n<p><strong><em>Executive secretary<\/em><\/strong><strong>:\u00a0<\/strong><\/p>\n<p><strong>Vlasova, Svetlana Ivanovna<\/strong><\/p>\n<p><strong><em>Editorial Board:<\/em><\/strong><\/p>\n<p><strong>Daim, Falko<\/strong>,<br \/>\nDr. hab., Director of the Romano-Germanic Central Museum (Mainz, Germany), ScopusID: 57189802868<\/p>\n<p><strong>Gertsen, Aleksandr Germanovich<\/strong>,<br \/>\nCSc, Head of the Department archaeology and world history of the Taurida Academy of the V.I. Vernadsky Crimean Federal University (Simferopol, Russia), ORCID: 0000-0003-1586-5886, ResercherID: AAU-9228-2020, ScopusID: 57206729509<\/p>\n<p><strong>Istv\u00e1novits, Eszter<\/strong>,<br \/>\nDr, Academic Secretary of the J\u00f3sa Andr\u00e1s M\u00fazeum (Ny\u00edregyh\u00e1za, Hungary), ResercherID: ABA-5458-2020, ScopusID: 26038325400<\/p>\n<p><strong>Kazanski Michel,<br \/>\n<\/strong>DSc, Directeur de Recherche, Centre national de la recherche scientifique (CNRS), UMR-8167 \u00abOrient et M\u00e9diterran\u00e9e\u00bb (Paris, France), ORCID: 0000-0002-0306-0936, ResercherID: N-9288-2015, ScopusID: 38161719100<\/p>\n<p><strong>Khairedinova, Elzara<\/strong>,<br \/>\nCSc, Head of the Mediaeval Archaeology Department of the Institute of Archaeology of the Crimea of the Russian Academy of Sciences (Simferopol, Russia), ORCID: 0000-0002-1362-757X, ResercherID: Y-5905-2019, ScopusID: 57214224248<\/p>\n<p><strong>Khrapunov, Igor Nikolaevich<\/strong>,<br \/>\nDSc, Professor of the Department archaeology and world history of the Taurida Academy of the V.I. Vernadsky Crimean Federal University (Simferopol, Russia), ResercherID: A-7582-2019, ScopusID: 57193237439<\/p>\n<p><strong>Kulcs\u00e1r, Val\u00e9ria<\/strong>,<br \/>\nDr, Associate Professor at the University\u00a0of\u00a0Szeged (Szeged, Hungary), ResercherID: ABA-5451-2020, ScopusID: 26038060500<\/p>\n<p><strong>Kuznetsov, Vladimir Dmitrievich<\/strong>,<br \/>\nDSc, Head of the Classical Archaeology Department of the Institute of Archaeology of the Russian Academy of Sciences (Moscow, Russia), ResercherID: J-4995-2018, ScopusID: 55885415500<\/p>\n<p><strong>Maiko, Vadim Vladislavovich<\/strong>,<\/p>\n<p>DSc, Director of the Institute of Archaeology of the Crimea of the Russian Academy of Sciences (Simferopol, Russia), ORCID: 0000-0003-1065-4836, ResercherID: A-8603-2019, ScopusID: 57192838791<\/p>\n<p><strong>Stepanenko, Valerii Pavlovich<\/strong>,<br \/>\nDSc, Professor at the Ancient and Mediaeval History Department at the Ural Federal University (Ekaterinburg, Russia), ScopusID: 57214225646<\/p>\n<p><strong>Tunkina, Irina Vladimirovna,<\/strong><br \/>\nDSc, Corresponding Member of the Russian Academy of Sciences, Director of the Saint Petersburg Branch of the Russian Academy of Sciences Archive (Saint Petersburg, Russia), ORCID: 0000-0001-5793-3977, ResercherID: AAO-4299-2020, ScopusID: 3816261500<\/p>\n<p><strong>Zin\u2019ko, Viktor Nikolaevich<\/strong>,<br \/>\nDSc, Leading Researcher at the History and Archaeology of the Crimea Research Centre at the V. I. Vernadsky Crimean Federal University (Simferopol, Russia), ORCID: 0000-0001-6208-7293, ResercherID: AAH-7506-2019, ScopusID: 56528462400<\/p>\n<p><strong>Zuckerman, Constantine<\/strong>,<br \/>\nDr. hab., Professor of Byzantine history at the Ecole pratique des hautes \u00e9tudes \/ Universit\u00e9 Paris Sciences et Lettres\u00a0(EPHE \/ PSL), Deputy Director of the Centre d\u2019histoire et civilisation de Byzance, Coll\u00e8ge de France (Paris, France), ScopusID: 39763718700<\/p>\n","protected":false},"excerpt":{"rendered":"<p>Editor-in-chief: Aibabin, Aleksandr Il\u2019ich, DSc, Professor, Director of the History and Archaeology of the Crimea Research Centre at the V.I. Vernadsky Crimean Federal University (Simferopol, Russia), ORCID: 0000-0002-4116-8198, ResercherID: Y-8384-2018, ScopusID: 57214235725 Deputy Editor-in-chief: Sidorenko, Valerii Anatol\u2019evich, CSc, Deputy Director in Research of the History and\u00a0 Archaeology of the Crimea Research Centre at the V.I. [&hellip;]<\/p>\n","protected":false},"author":11,"featured_media":0,"parent":0,"menu_order":0,"comment_status":"closed","ping_status":"closed","template":"","meta":{"footnotes":""},"class_list":["post-10","page","type-page","status-publish","hentry"],"translation":{"provider":"WPGlobus","version":"3.0.2","language":"en","enabled_languages":["ru","en"],"languages":{"ru":{"title":true,"content":true,"excerpt":false},"en":{"title":true,"content":true,"excerpt":false}}},"_links":{"self":[{"href":"https:\/\/maiet.cfuv.ru\/en\/wp-json\/wp\/v2\/pages\/10","targetHints":{"allow":["GET"]}}],"collection":[{"href":"https:\/\/maiet.cfuv.ru\/en\/wp-json\/wp\/v2\/pages"}],"about":[{"href":"https:\/\/maiet.cfuv.ru\/en\/wp-json\/wp\/v2\/types\/page"}],"author":[{"embeddable":true,"href":"https:\/\/maiet.cfuv.ru\/en\/wp-json\/wp\/v2\/users\/11"}],"replies":[{"embeddable":true,"href":"https:\/\/maiet.cfuv.ru\/en\/wp-json\/wp\/v2\/comments?post=10"}],"version-history":[{"count":11,"href":"https:\/\/maiet.cfuv.ru\/en\/wp-json\/wp\/v2\/pages\/10\/revisions"}],"predecessor-version":[{"id":1639,"href":"https:\/\/maiet.cfuv.ru\/en\/wp-json\/wp\/v2\/pages\/10\/revisions\/1639"}],"wp:attachment":[{"href":"https:\/\/maiet.cfuv.ru\/en\/wp-json\/wp\/v2\/media?parent=10"}],"curies":[{"name":"wp","href":"https:\/\/api.w.org\/{rel}","templated":true}]}}